{"id":225,"date":"2024-03-12T14:04:30","date_gmt":"2024-03-12T19:04:30","guid":{"rendered":"https:\/\/alikacol.com\/?post_type=product&#038;p=225"},"modified":"2024-04-11T11:20:50","modified_gmt":"2024-04-11T16:20:50","slug":"aceite-de-coco","status":"publish","type":"product","link":"https:\/\/alikacol.com\/index.php\/producto\/aceite-de-coco\/","title":{"rendered":"ACEITE DE COCO"},"content":{"rendered":"<p>Por su alto contenido en \u00e1cido la\u00farico y vitaminas favorecen la regeneraci\u00f3n celular, preserva el col\u00e1geno y elasticidad lo que hace que su aporte de hidrataci\u00f3n sea muy alto, tambi\u00e9n tiene efectos fungicidas, por lo que es un remedio ideal para prevenir y eliminar la caspa,.Hidratante <\/p>\n<p>Antimicrobiano, antibacteriano, anti fungicida<\/p>\n<p>Ayuda a mejorar la apariencias de marcas en la piel (estr\u00edas, marcas de acn\u00e9, cicatrices), es un excelente regenerador celular<\/p>\n<p>Propiedades antioxidantes &#8211; ayuda a evitar el envejecimiento<\/p>\n<p>Emoliente<\/p>\n","protected":false},"excerpt":{"rendered":"<p>Aceite de coco 100 % natural y puro<\/p>\n","protected":false},"featured_media":227,"comment_status":"open","ping_status":"closed","template":"","meta":{"_eb_attr":"","_uag_custom_page_level_css":"","site-sidebar-layout":"default","site-content-layout":"","ast-site-content-layout":"default","site-content-style":"default","site-sidebar-style":"default","ast-global-header-display":"","ast-banner-title-visibility":"","ast-main-header-display":"","ast-hfb-above-header-display":"","ast-hfb-below-header-display":"","ast-hfb-mobile-header-display":"","site-post-title":"","ast-breadcrumbs-content":"","ast-featured-img":"","footer-sml-layout":"","theme-transparent-header-meta":"default","adv-header-id-meta":"","stick-header-meta":"","header-above-stick-meta":"","header-main-stick-meta":"","header-below-stick-meta":"","astra-migrate-meta-layouts":"set","ast-page-background-enabled":"default","ast-page-background-meta":{"desktop":{"background-color":"var(--ast-global-color-4)","background-image":"","background-repeat":"repeat","background-position":"center center","background-size":"auto","background-attachment":"scroll","background-type":"","background-media":"","overlay-type":"","overlay-color":"","overlay-gradient":""},"tablet":{"background-color":"","background-image":"","background-repeat":"repeat","background-position":"center center","background-size":"auto","background-attachment":"scroll","background-type":"","background-media":"","overlay-type":"","overlay-color":"","overlay-gradient":""},"mobile":{"background-color":"","background-image":"","background-repeat":"repeat","background-position":"center center","background-size":"auto","background-attachment":"scroll","background-type":"","background-media":"","overlay-type":"","overlay-color":"","overlay-gradient":""}},"ast-content-background-meta":{"desktop":{"background-color":"var(--ast-global-color-5)","background-image":"","background-repeat":"repeat","background-position":"center center","background-size":"auto","background-attachment":"scroll","background-type":"","background-media":"","overlay-type":"","overlay-color":"","overlay-gradient":""},"tablet":{"background-color":"var(--ast-global-color-5)","background-image":"","background-repeat":"repeat","background-position":"center center","background-size":"auto","background-attachment":"scroll","background-type":"","background-media":"","overlay-type":"","overlay-color":"","overlay-gradient":""},"mobile":{"background-color":"var(--ast-global-color-5)","background-image":"","background-repeat":"repeat","background-position":"center center","background-size":"auto","background-attachment":"scroll","background-type":"","background-media":"","overlay-type":"","overlay-color":"","overlay-gradient":""}},"_joinchat":[]},"product_cat":[19],"product_tag":[28,29,30],"uagb_featured_image_src":{"full":["https:\/\/alikacol.com\/wp-content\/uploads\/2024\/03\/Foto.png",1000,1500,false],"thumbnail":["https:\/\/alikacol.com\/wp-content\/uploads\/2024\/03\/Foto-150x150.png",150,150,true],"medium":["https:\/\/alikacol.com\/wp-content\/uploads\/2024\/03\/Foto-200x300.png",200,300,true],"medium_large":["https:\/\/alikacol.com\/wp-content\/uploads\/2024\/03\/Foto-768x1152.png",768,1152,true],"large":["https:\/\/alikacol.com\/wp-content\/uploads\/2024\/03\/Foto-683x1024.png",683,1024,true],"1536x1536":["https:\/\/alikacol.com\/wp-content\/uploads\/2024\/03\/Foto.png",1000,1500,false],"2048x2048":["https:\/\/alikacol.com\/wp-content\/uploads\/2024\/03\/Foto.png",1000,1500,false],"woocommerce_thumbnail":["https:\/\/alikacol.com\/wp-content\/uploads\/2024\/03\/Foto-300x300.png",300,300,true],"woocommerce_single":["https:\/\/alikacol.com\/wp-content\/uploads\/2024\/03\/Foto-600x900.png",600,900,true],"woocommerce_gallery_thumbnail":["https:\/\/alikacol.com\/wp-content\/uploads\/2024\/03\/Foto-100x100.png",100,100,true],"dgwt-wcas-product-suggestion":["https:\/\/alikacol.com\/wp-content\/uploads\/2024\/03\/Foto-64x96.png",64,96,true]},"uagb_author_info":{"display_name":"alikacol.com","author_link":"https:\/\/alikacol.com\/index.php\/author\/"},"uagb_comment_info":0,"uagb_excerpt":"Aceite de coco 100 % natural y puro","_links":{"self":[{"href":"https:\/\/alikacol.com\/index.php\/wp-json\/wp\/v2\/product\/225"}],"collection":[{"href":"https:\/\/alikacol.com\/index.php\/wp-json\/wp\/v2\/product"}],"about":[{"href":"https:\/\/alikacol.com\/index.php\/wp-json\/wp\/v2\/types\/product"}],"replies":[{"embeddable":true,"href":"https:\/\/alikacol.com\/index.php\/wp-json\/wp\/v2\/comments?post=225"}],"wp:featuredmedia":[{"embeddable":true,"href":"https:\/\/alikacol.com\/index.php\/wp-json\/wp\/v2\/media\/227"}],"wp:attachment":[{"href":"https:\/\/alikacol.com\/index.php\/wp-json\/wp\/v2\/media?parent=225"}],"wp:term":[{"taxonomy":"product_cat","embeddable":true,"href":"https:\/\/alikacol.com\/index.php\/wp-json\/wp\/v2\/product_cat?post=225"},{"taxonomy":"product_tag","embeddable":true,"href":"https:\/\/alikacol.com\/index.php\/wp-json\/wp\/v2\/product_tag?post=225"}],"curies":[{"name":"wp","href":"https:\/\/api.w.org\/{rel}","templated":true}]}}