{"id":231,"date":"2024-03-12T14:18:09","date_gmt":"2024-03-12T19:18:09","guid":{"rendered":"https:\/\/alikacol.com\/?post_type=product&#038;p=231"},"modified":"2024-05-22T10:52:55","modified_gmt":"2024-05-22T15:52:55","slug":"jabon-mentalipto","status":"publish","type":"product","link":"https:\/\/alikacol.com\/index.php\/producto\/jabon-mentalipto\/","title":{"rendered":"JABON MENTALIPTO"},"content":{"rendered":"<p>Los aceites de menta y eucalipto act\u00faan entre si para refrescar la piel, despejar la mente y agudizar los sentidos.<br \/>\nTe limpian hasta el aura!<br \/>\nIngredientes: Aceite de palma saponificado, aceite de coco saponificados, aceite de oliva saponificado,   manteca de cacao saponificada, glicerina natural,  aceite de ricino saponificado, agua, \u00e1cido c\u00edtrico,  arcilla blanca , aceites esenciales. Para conservar mejor nuestros jabones d\u00e9jalos drenar entre uso y uso en una jabonera con filtraciones.<br \/>\n\u00b7VEGANO \u00b7 SIN PARABENOS \u00b7 LIBRE DE CRUELDAD<br \/>\n\u00b7 HECHO A MANO \u00b7<\/p>\n<div style=\"width: 480px;\" class=\"wp-video\"><!--[if lt IE 9]><script>document.createElement('video');<\/script><![endif]-->\n<video class=\"wp-video-shortcode\" id=\"video-231-1\" width=\"480\" height=\"512\" preload=\"metadata\" controls=\"controls\"><source type=\"video\/mp4\" src=\"http:\/\/alikacol.com\/wp-content\/uploads\/2024\/03\/WhatsApp-Video-2024-05-22-at-10.42.48-AM.mp4?_=1\" \/><a href=\"http:\/\/alikacol.com\/wp-content\/uploads\/2024\/03\/WhatsApp-Video-2024-05-22-at-10.42.48-AM.mp4\">http:\/\/alikacol.com\/wp-content\/uploads\/2024\/03\/WhatsApp-Video-2024-05-22-at-10.42.48-AM.mp4<\/a><\/video><\/div>\n","protected":false},"excerpt":{"rendered":"<p>Jabon artesanal refrescante  \/ pieles mixtas o grasas<\/p>\n","protected":false},"featured_media":311,"comment_status":"open","ping_status":"closed","template":"","meta":{"_eb_attr":"","_uag_custom_page_level_css":"","site-sidebar-layout":"default","site-content-layout":"","ast-site-content-layout":"default","site-content-style":"default","site-sidebar-style":"default","ast-global-header-display":"","ast-banner-title-visibility":"","ast-main-header-display":"","ast-hfb-above-header-display":"","ast-hfb-below-header-display":"","ast-hfb-mobile-header-display":"","site-post-title":"","ast-breadcrumbs-content":"","ast-featured-img":"","footer-sml-layout":"","theme-transparent-header-meta":"default","adv-header-id-meta":"","stick-header-meta":"","header-above-stick-meta":"","header-main-stick-meta":"","header-below-stick-meta":"","astra-migrate-meta-layouts":"set","ast-page-background-enabled":"default","ast-page-background-meta":{"desktop":{"background-color":"var(--ast-global-color-4)","background-image":"","background-repeat":"repeat","background-position":"center center","background-size":"auto","background-attachment":"scroll","background-type":"","background-media":"","overlay-type":"","overlay-color":"","overlay-gradient":""},"tablet":{"background-color":"","background-image":"","background-repeat":"repeat","background-position":"center center","background-size":"auto","background-attachment":"scroll","background-type":"","background-media":"","overlay-type":"","overlay-color":"","overlay-gradient":""},"mobile":{"background-color":"","background-image":"","background-repeat":"repeat","background-position":"center center","background-size":"auto","background-attachment":"scroll","background-type":"","background-media":"","overlay-type":"","overlay-color":"","overlay-gradient":""}},"ast-content-background-meta":{"desktop":{"background-color":"var(--ast-global-color-5)","background-image":"","background-repeat":"repeat","background-position":"center center","background-size":"auto","background-attachment":"scroll","background-type":"","background-media":"","overlay-type":"","overlay-color":"","overlay-gradient":""},"tablet":{"background-color":"var(--ast-global-color-5)","background-image":"","background-repeat":"repeat","background-position":"center center","background-size":"auto","background-attachment":"scroll","background-type":"","background-media":"","overlay-type":"","overlay-color":"","overlay-gradient":""},"mobile":{"background-color":"var(--ast-global-color-5)","background-image":"","background-repeat":"repeat","background-position":"center center","background-size":"auto","background-attachment":"scroll","background-type":"","background-media":"","overlay-type":"","overlay-color":"","overlay-gradient":""}},"_joinchat":[]},"product_cat":[18],"product_tag":[37,36,39,43,42,44,38],"uagb_featured_image_src":{"full":["https:\/\/alikacol.com\/wp-content\/uploads\/2024\/03\/mentalipto-scaled-e1716392499621.jpg",1706,1706,false],"thumbnail":["https:\/\/alikacol.com\/wp-content\/uploads\/2024\/03\/mentalipto-scaled-e1716392499621-150x150.jpg",150,150,true],"medium":["https:\/\/alikacol.com\/wp-content\/uploads\/2024\/03\/mentalipto-scaled-e1716392499621-300x300.jpg",300,300,true],"medium_large":["https:\/\/alikacol.com\/wp-content\/uploads\/2024\/03\/mentalipto-scaled-e1716392499621-768x768.jpg",768,768,true],"large":["https:\/\/alikacol.com\/wp-content\/uploads\/2024\/03\/mentalipto-scaled-e1716392499621-1024x1024.jpg",1024,1024,true],"1536x1536":["https:\/\/alikacol.com\/wp-content\/uploads\/2024\/03\/mentalipto-scaled-e1716392499621-1536x1536.jpg",1536,1536,true],"2048x2048":["https:\/\/alikacol.com\/wp-content\/uploads\/2024\/03\/mentalipto-1365x2048.jpg",1365,2048,true],"woocommerce_thumbnail":["https:\/\/alikacol.com\/wp-content\/uploads\/2024\/03\/mentalipto-scaled-e1716392499621-300x300.jpg",300,300,true],"woocommerce_single":["https:\/\/alikacol.com\/wp-content\/uploads\/2024\/03\/mentalipto-scaled-e1716392499621-600x600.jpg",600,600,true],"woocommerce_gallery_thumbnail":["https:\/\/alikacol.com\/wp-content\/uploads\/2024\/03\/mentalipto-scaled-e1716392499621-100x100.jpg",100,100,true],"dgwt-wcas-product-suggestion":["https:\/\/alikacol.com\/wp-content\/uploads\/2024\/03\/mentalipto-scaled-e1716392499621-64x64.jpg",64,64,true]},"uagb_author_info":{"display_name":"alikacol.com","author_link":"https:\/\/alikacol.com\/index.php\/author\/"},"uagb_comment_info":0,"uagb_excerpt":"Jabon artesanal refrescante \/ pieles mixtas o grasas","_links":{"self":[{"href":"https:\/\/alikacol.com\/index.php\/wp-json\/wp\/v2\/product\/231"}],"collection":[{"href":"https:\/\/alikacol.com\/index.php\/wp-json\/wp\/v2\/product"}],"about":[{"href":"https:\/\/alikacol.com\/index.php\/wp-json\/wp\/v2\/types\/product"}],"replies":[{"embeddable":true,"href":"https:\/\/alikacol.com\/index.php\/wp-json\/wp\/v2\/comments?post=231"}],"wp:featuredmedia":[{"embeddable":true,"href":"https:\/\/alikacol.com\/index.php\/wp-json\/wp\/v2\/media\/311"}],"wp:attachment":[{"href":"https:\/\/alikacol.com\/index.php\/wp-json\/wp\/v2\/media?parent=231"}],"wp:term":[{"taxonomy":"product_cat","embeddable":true,"href":"https:\/\/alikacol.com\/index.php\/wp-json\/wp\/v2\/product_cat?post=231"},{"taxonomy":"product_tag","embeddable":true,"href":"https:\/\/alikacol.com\/index.php\/wp-json\/wp\/v2\/product_tag?post=231"}],"curies":[{"name":"wp","href":"https:\/\/api.w.org\/{rel}","templated":true}]}}