{"id":299,"date":"2024-04-11T10:53:48","date_gmt":"2024-04-11T15:53:48","guid":{"rendered":"https:\/\/alikacol.com\/?post_type=product&#038;p=299"},"modified":"2024-04-11T11:52:00","modified_gmt":"2024-04-11T16:52:00","slug":"body-scrub-de-coco","status":"publish","type":"product","link":"https:\/\/alikacol.com\/index.php\/producto\/body-scrub-de-coco\/","title":{"rendered":"BODY SCRUB DE COCO"},"content":{"rendered":"<p>Enriquecido con manteca de karite y cacaco, Los cristales de az\u00facar remueven la c\u00e9lulas muertas y promueven as\u00ed una regeneraci\u00f3n celular r\u00e1pida, dando un look m\u00e1s joven y saludable a tu piel. <\/p>\n<p>Los beneficios de la exfoliacion corporal son: Aumenta la circulaci\u00f3n de la sangre y oxigenaci\u00f3n del cuerpo.<br \/>\nRetrasa el proceso de envejecimiento prematuro de la piel.<\/p>\n<p>Previene la aparici\u00f3n de granos y espinillas.<\/p>\n<p>Favorece la depilaci\u00f3n, al impedir que los vellos queden enquistados.  <\/p>\n<p>Uso: Extienda el exfoliante sobre su piel h\u00fameda, frotando vigorosamente. Contin\u00fae por todo el cuerpo, agregando un poco m\u00e1s de agua hasta que todos los gr\u00e1nulos se hayan disuelto. Enjuague con agua limpia. (Tenga cuidado de no resbalar si est\u00e1 parado en una ba\u00f1era o ducha).<\/p>\n","protected":false},"excerpt":{"rendered":"<p>Exfoliante cremoso e hidratante con exquisito aroma a coco y cristales de azucar, para mejorar y renovar el aspecto de tu piel.<\/p>\n","protected":false},"featured_media":300,"comment_status":"open","ping_status":"closed","template":"","meta":{"_eb_attr":"","_uag_custom_page_level_css":"","site-sidebar-layout":"default","site-content-layout":"","ast-site-content-layout":"default","site-content-style":"default","site-sidebar-style":"default","ast-global-header-display":"","ast-banner-title-visibility":"","ast-main-header-display":"","ast-hfb-above-header-display":"","ast-hfb-below-header-display":"","ast-hfb-mobile-header-display":"","site-post-title":"","ast-breadcrumbs-content":"","ast-featured-img":"","footer-sml-layout":"","theme-transparent-header-meta":"default","adv-header-id-meta":"","stick-header-meta":"","header-above-stick-meta":"","header-main-stick-meta":"","header-below-stick-meta":"","astra-migrate-meta-layouts":"set","ast-page-background-enabled":"default","ast-page-background-meta":{"desktop":{"background-color":"var(--ast-global-color-4)","background-image":"","background-repeat":"repeat","background-position":"center center","background-size":"auto","background-attachment":"scroll","background-type":"","background-media":"","overlay-type":"","overlay-color":"","overlay-gradient":""},"tablet":{"background-color":"","background-image":"","background-repeat":"repeat","background-position":"center center","background-size":"auto","background-attachment":"scroll","background-type":"","background-media":"","overlay-type":"","overlay-color":"","overlay-gradient":""},"mobile":{"background-color":"","background-image":"","background-repeat":"repeat","background-position":"center center","background-size":"auto","background-attachment":"scroll","background-type":"","background-media":"","overlay-type":"","overlay-color":"","overlay-gradient":""}},"ast-content-background-meta":{"desktop":{"background-color":"var(--ast-global-color-5)","background-image":"","background-repeat":"repeat","background-position":"center center","background-size":"auto","background-attachment":"scroll","background-type":"","background-media":"","overlay-type":"","overlay-color":"","overlay-gradient":""},"tablet":{"background-color":"var(--ast-global-color-5)","background-image":"","background-repeat":"repeat","background-position":"center center","background-size":"auto","background-attachment":"scroll","background-type":"","background-media":"","overlay-type":"","overlay-color":"","overlay-gradient":""},"mobile":{"background-color":"var(--ast-global-color-5)","background-image":"","background-repeat":"repeat","background-position":"center center","background-size":"auto","background-attachment":"scroll","background-type":"","background-media":"","overlay-type":"","overlay-color":"","overlay-gradient":""}},"_joinchat":[]},"product_cat":[18],"product_tag":[52,50,51,54,53],"uagb_featured_image_src":{"full":["https:\/\/alikacol.com\/wp-content\/uploads\/2024\/04\/DSC0401-scaled.jpg",2560,1707,false],"thumbnail":["https:\/\/alikacol.com\/wp-content\/uploads\/2024\/04\/DSC0401-150x150.jpg",150,150,true],"medium":["https:\/\/alikacol.com\/wp-content\/uploads\/2024\/04\/DSC0401-300x200.jpg",300,200,true],"medium_large":["https:\/\/alikacol.com\/wp-content\/uploads\/2024\/04\/DSC0401-768x512.jpg",768,512,true],"large":["https:\/\/alikacol.com\/wp-content\/uploads\/2024\/04\/DSC0401-1024x683.jpg",1024,683,true],"1536x1536":["https:\/\/alikacol.com\/wp-content\/uploads\/2024\/04\/DSC0401-1536x1024.jpg",1536,1024,true],"2048x2048":["https:\/\/alikacol.com\/wp-content\/uploads\/2024\/04\/DSC0401-2048x1365.jpg",2048,1365,true],"woocommerce_thumbnail":["https:\/\/alikacol.com\/wp-content\/uploads\/2024\/04\/DSC0401-300x300.jpg",300,300,true],"woocommerce_single":["https:\/\/alikacol.com\/wp-content\/uploads\/2024\/04\/DSC0401-600x400.jpg",600,400,true],"woocommerce_gallery_thumbnail":["https:\/\/alikacol.com\/wp-content\/uploads\/2024\/04\/DSC0401-100x100.jpg",100,100,true],"dgwt-wcas-product-suggestion":["https:\/\/alikacol.com\/wp-content\/uploads\/2024\/04\/DSC0401-64x43.jpg",64,43,true]},"uagb_author_info":{"display_name":"alikacol.com","author_link":"https:\/\/alikacol.com\/index.php\/author\/"},"uagb_comment_info":0,"uagb_excerpt":"Exfoliante cremoso e hidratante con exquisito aroma a coco y cristales de azucar, para mejorar y renovar el aspecto de tu piel.","_links":{"self":[{"href":"https:\/\/alikacol.com\/index.php\/wp-json\/wp\/v2\/product\/299"}],"collection":[{"href":"https:\/\/alikacol.com\/index.php\/wp-json\/wp\/v2\/product"}],"about":[{"href":"https:\/\/alikacol.com\/index.php\/wp-json\/wp\/v2\/types\/product"}],"replies":[{"embeddable":true,"href":"https:\/\/alikacol.com\/index.php\/wp-json\/wp\/v2\/comments?post=299"}],"wp:featuredmedia":[{"embeddable":true,"href":"https:\/\/alikacol.com\/index.php\/wp-json\/wp\/v2\/media\/300"}],"wp:attachment":[{"href":"https:\/\/alikacol.com\/index.php\/wp-json\/wp\/v2\/media?parent=299"}],"wp:term":[{"taxonomy":"product_cat","embeddable":true,"href":"https:\/\/alikacol.com\/index.php\/wp-json\/wp\/v2\/product_cat?post=299"},{"taxonomy":"product_tag","embeddable":true,"href":"https:\/\/alikacol.com\/index.php\/wp-json\/wp\/v2\/product_tag?post=299"}],"curies":[{"name":"wp","href":"https:\/\/api.w.org\/{rel}","templated":true}]}}